{"id":39248,"date":"2020-03-20T14:15:13","date_gmt":"2020-03-20T18:15:13","guid":{"rendered":"http:\/\/striped-kin.flywheelstaging.com\/?page_id=39248"},"modified":"2020-03-20T14:15:44","modified_gmt":"2020-03-20T18:15:44","slug":"return-and-refund-policy","status":"publish","type":"page","link":"https:\/\/mahoganychocolate.com\/de\/ruckgabe-und-ruckerstattungsrichtlinie\/","title":{"rendered":"R\u00fcckgabe- und R\u00fcckerstattungsrichtlinie"},"content":{"rendered":"<p>Zuletzt aktualisiert: 18. M\u00e4rz 2020<\/p>\n<p>Vielen Dank f\u00fcr Ihren Einkauf bei Mahogany Chocolate betrieben von Mahogany Chocolate Ltd.<\/p>\n<p>Wenn Sie aus irgendeinem Grund mit einem Kauf nicht vollst\u00e4ndig zufrieden sind, laden wir Sie ein, unsere Richtlinien zu R\u00fcckerstattungen und R\u00fccksendungen zu lesen. Diese R\u00fcckgabe- und R\u00fcckerstattungsrichtlinie wurde mit Hilfe von erstellt\u00a0<a href=\"https:\/\/www.termsfeed.com\/return-refund-policy-generator\/\" target=\"_blank\" rel=\"noopener\">Generator f\u00fcr R\u00fcckgabe- und R\u00fcckerstattungsrichtlinien<\/a>.<\/p>\n<p>Die folgenden Bedingungen gelten f\u00fcr alle Produkte, die Sie bei uns gekauft haben.<\/p>\n<h1>Interpretation und Definitionen<\/h1>\n<h2>Deutung<\/h2>\n<p>Die W\u00f6rter, deren Anfangsbuchstabe gro\u00dfgeschrieben wird, haben Bedeutungen, die unter den folgenden Bedingungen definiert sind.<\/p>\n<p>Die folgenden Definitionen haben die gleiche Bedeutung, unabh\u00e4ngig davon, ob sie im Singular oder im Plural erscheinen.<\/p>\n<h2>Definitionen<\/h2>\n<p>F\u00fcr die Zwecke dieser R\u00fcckgabe- und R\u00fcckerstattungsrichtlinie:<\/p>\n<ul>\n<li><strong>Du<\/strong>\u00a0bezeichnet die Person, die auf den Dienst zugreift oder ihn nutzt, oder das Unternehmen oder eine andere juristische Person, in deren Namen diese Person auf den Dienst zugreift oder ihn nutzt, je nachdem, was zutrifft.<\/li>\n<li><strong>Gesellschaft<\/strong>\u00a0(in dieser Vereinbarung entweder als \u201edas Unternehmen\u201c, \u201ewir\u201c, \u201euns\u201c oder \u201eunser\u201c bezeichnet) bezieht sich auf Mahogany Chocolate Ltd., San Antonio Road, Punta Gorda, Toledo, Beliz.<\/li>\n<li><strong>Service<\/strong>\u00a0verweist auf die Website.<\/li>\n<li><strong>Webseite<\/strong>\u00a0bezieht sich auf Mahogany Chocolate, zug\u00e4nglich unter https:\/\/mahoganychocolate.com<\/li>\n<li><strong>Waren<\/strong>\u00a0beziehen sich auf die Artikel, die im Service zum Verkauf angeboten werden.<\/li>\n<li><strong>Auftr\u00e4ge<\/strong>\u00a0bedeuten eine Aufforderung Ihrerseits, Waren von uns zu kaufen.<\/li>\n<\/ul>\n<h1>Ihre Widerrufsrechte f\u00fcr Ihre Bestellung<\/h1>\n<p>Sie haben das Recht, Ihre Bestellung innerhalb von 14 Tagen ohne Angabe von Gr\u00fcnden zu stornieren.<\/p>\n<p>Die Frist f\u00fcr die Stornierung einer Bestellung betr\u00e4gt 14 Tage ab dem Datum, an dem Sie die Waren erhalten haben oder an dem ein von Ihnen benannter Dritter, der nicht der Bef\u00f6rderer ist, das gelieferte Produkt in Besitz genommen hat.<\/p>\n<p>Um Ihr Widerrufsrecht auszu\u00fcben, m\u00fcssen Sie uns Ihren Entschluss mittels einer eindeutigen Erkl\u00e4rung mitteilen. Sie k\u00f6nnen uns Ihre Entscheidung mitteilen, indem Sie:<\/p>\n<ul>\n<li>Per E-Mail: info@mahoganychocolate.com<\/li>\n<\/ul>\n<p>Wir erstatten Ihnen sp\u00e4testens 14 Tage nach dem Tag, an dem wir die zur\u00fcckgesandten Waren erhalten, eine R\u00fcckerstattung. Wir verwenden dasselbe Zahlungsmittel, das Sie f\u00fcr die Bestellung verwendet haben, und Ihnen entstehen keine Geb\u00fchren f\u00fcr eine solche R\u00fcckerstattung.<\/p>\n<h1>Bedingungen f\u00fcr R\u00fccksendungen<\/h1>\n<p>Damit die Waren f\u00fcr eine R\u00fccksendung in Frage kommen, stellen Sie bitte Folgendes sicher:<\/p>\n<ul>\n<li>Die Waren wurden in den letzten 14 Tagen gekauft<\/li>\n<li>Die Ware befindet sich in der Originalverpackung<\/li>\n<\/ul>\n<p>Die folgenden Waren k\u00f6nnen nicht zur\u00fcckgegeben werden:<\/p>\n<ul>\n<li>Die Lieferung von Waren, die nach Ihren Vorgaben gefertigt oder eindeutig personalisiert sind.<\/li>\n<li>Zur Lieferung von Waren, die aufgrund ihrer Beschaffenheit nicht f\u00fcr eine R\u00fccksendung geeignet sind, schnell verderben oder das Verfallsdatum \u00fcberschritten ist.<\/li>\n<li>Die Lieferung von Waren, die aus Gr\u00fcnden des Gesundheitsschutzes oder der Hygiene nicht zur R\u00fcckgabe geeignet sind und deren Versiegelung nach der Lieferung entfernt wurde.<\/li>\n<li>Die Lieferung von Waren, die nach der Lieferung ihrer Beschaffenheit nach untrennbar mit anderen Gegenst\u00e4nden vermischt wurden.<\/li>\n<\/ul>\n<p>Wir behalten uns das Recht vor, die R\u00fccksendung von Waren abzulehnen, die die oben genannten R\u00fcckgabebedingungen nach unserem alleinigen Ermessen nicht erf\u00fcllen.<\/p>\n<h1>Warenr\u00fccksendung<\/h1>\n<p>Sie tragen die Kosten und das Risiko der R\u00fccksendung der Waren an uns. Sie sollten die Waren an die folgende Adresse senden:<\/p>\n<p>Mahagoni-Schokolade<br \/>\nSan-Antonio-Stra\u00dfe<br \/>\nPunta Gorda, Toledo, Belize<\/p>\n<p>Wir k\u00f6nnen nicht f\u00fcr besch\u00e4digte oder verloren gegangene Waren bei der R\u00fccksendung haftbar gemacht werden. Daher empfehlen wir einen versicherten und verfolgbaren Postdienst. Wir sind nicht in der Lage, eine R\u00fcckerstattung ohne den tats\u00e4chlichen Erhalt der Waren oder den Nachweis der erhaltenen R\u00fccksendung vorzunehmen.<\/p>\n<h1>Geschenke<\/h1>\n<p>Wenn die Waren beim Kauf als Geschenk gekennzeichnet und dann direkt an Sie versandt wurden, erhalten Sie eine Geschenkgutschrift f\u00fcr den Wert Ihrer R\u00fccksendung. Sobald das zur\u00fcckgegebene Produkt eingegangen ist, wird Ihnen ein Geschenkgutschein zugesandt.<\/p>\n<p>Wenn die Waren beim Kauf nicht als Geschenk gekennzeichnet waren oder der Schenker die Bestellung an sich selbst versenden lie\u00df, um sie Ihnen sp\u00e4ter zu \u00fcberreichen, senden wir die R\u00fcckerstattung an den Schenkenden.<\/p>\n<h2>Kontaktiere uns<\/h2>\n<p>Wenn Sie Fragen zu unseren R\u00fcckgabe- und R\u00fcckerstattungsrichtlinien haben, kontaktieren Sie uns bitte:<\/p>\n<ul>\n<li>Per E-Mail: info@mahoganychocolate.com<\/li>\n<\/ul>","protected":false},"excerpt":{"rendered":"<p>Last updated: March 18, 2020 Thank you for shopping at Mahogany Chocolate operated by Mahogany Chocolate Ltd.. If, for any reason, You are not completely satisfied with a purchase We invite You to review our policy on refunds and returns. This Return and Refund Policy has been created with the help of\u00a0Return and Refund Policy [&hellip;]<\/p>\n","protected":false},"author":3,"featured_media":0,"parent":0,"menu_order":0,"comment_status":"closed","ping_status":"closed","template":"","meta":{"_et_pb_use_builder":"","_et_pb_old_content":"","_et_gb_content_width":"","footnotes":""},"class_list":["post-39248","page","type-page","status-publish","hentry"],"_links":{"self":[{"href":"https:\/\/mahoganychocolate.com\/de\/wp-json\/wp\/v2\/pages\/39248","targetHints":{"allow":["GET"]}}],"collection":[{"href":"https:\/\/mahoganychocolate.com\/de\/wp-json\/wp\/v2\/pages"}],"about":[{"href":"https:\/\/mahoganychocolate.com\/de\/wp-json\/wp\/v2\/types\/page"}],"author":[{"embeddable":true,"href":"https:\/\/mahoganychocolate.com\/de\/wp-json\/wp\/v2\/users\/3"}],"replies":[{"embeddable":true,"href":"https:\/\/mahoganychocolate.com\/de\/wp-json\/wp\/v2\/comments?post=39248"}],"version-history":[{"count":2,"href":"https:\/\/mahoganychocolate.com\/de\/wp-json\/wp\/v2\/pages\/39248\/revisions"}],"predecessor-version":[{"id":39250,"href":"https:\/\/mahoganychocolate.com\/de\/wp-json\/wp\/v2\/pages\/39248\/revisions\/39250"}],"wp:attachment":[{"href":"https:\/\/mahoganychocolate.com\/de\/wp-json\/wp\/v2\/media?parent=39248"}],"curies":[{"name":"wp","href":"https:\/\/api.w.org\/{rel}","templated":true}]}}