{"id":39251,"date":"2020-03-20T14:16:27","date_gmt":"2020-03-20T18:16:27","guid":{"rendered":"http:\/\/striped-kin.flywheelstaging.com\/?page_id=39251"},"modified":"2020-03-20T14:16:27","modified_gmt":"2020-03-20T18:16:27","slug":"privacy-policy","status":"publish","type":"page","link":"https:\/\/mahoganychocolate.com\/de\/datenschutz-bestimmungen\/","title":{"rendered":"Datenschutz-Bestimmungen"},"content":{"rendered":"<p>Zuletzt aktualisiert: 20. M\u00e4rz 2020<\/p>\n<p>Mahogany Chocolate Ltd. (\u201euns\u201c, \u201ewir\u201c oder \u201eunser\u201c) betreibt die Mahogany Chocolate Website (der \u201eService\u201c).<\/p>\n<p>Diese Seite informiert Sie \u00fcber unsere Richtlinien bez\u00fcglich der Erfassung, Verwendung und Offenlegung personenbezogener Daten, wenn Sie unseren Service nutzen.<\/p>\n<p>Wir werden Ihre Informationen nicht verwenden oder an Dritte weitergeben, au\u00dfer wie in dieser Datenschutzrichtlinie beschrieben.<\/p>\n<p>Wir verwenden Ihre personenbezogenen Daten zur Bereitstellung und Verbesserung des Dienstes. Durch die Nutzung des Dienstes stimmen Sie der Erfassung und Verwendung von Informationen gem\u00e4\u00df dieser Richtlinie zu. Sofern in dieser Datenschutzrichtlinie nicht anders definiert, haben die in dieser Datenschutzrichtlinie verwendeten Begriffe die gleiche Bedeutung wie in unseren Allgemeinen Gesch\u00e4ftsbedingungen, die unter https:\/\/mahoganychocolate.com zug\u00e4nglich sind<\/p>\n<h2>Erfassung und Verwendung von Informationen<\/h2>\n<p>W\u00e4hrend der Nutzung unseres Dienstes k\u00f6nnen wir Sie bitten, uns bestimmte personenbezogene Daten zur Verf\u00fcgung zu stellen, die verwendet werden k\u00f6nnen, um Sie zu kontaktieren oder zu identifizieren. Zu den personenbezogenen Daten (\u201epersonenbezogene Daten\u201c) k\u00f6nnen unter anderem geh\u00f6ren:<\/p>\n<ul>\n<li>Name<\/li>\n<li>E-Mail-Addresse<\/li>\n<li>Telefonnummer<\/li>\n<li>Adresse<\/li>\n<\/ul>\n<h2>Logdaten<\/h2>\n<p>Wir erfassen Informationen, die Ihr Browser sendet, wenn Sie unseren Service besuchen (\u201eProtokolldaten\u201c). Diese Protokolldaten k\u00f6nnen Informationen wie die Internet Protocol (\u201eIP\u201c)-Adresse Ihres Computers, den Browsertyp, die Browserversion, die Seiten unseres Dienstes, die Sie besuchen, die Uhrzeit und das Datum Ihres Besuchs, die auf diesen Seiten verbrachte Zeit und andere enthalten Statistiken.<\/p>\n<h2>Google AdSense- und DoubleClick-Cookie<\/h2>\n<p>Google verwendet als Drittanbieter Cookies, um Anzeigen in unserem Dienst zu schalten.<\/p>\n<h2>Kekse<\/h2>\n<p>Cookies sind Dateien mit kleinen Datenmengen, die eine anonyme eindeutige Kennung enthalten k\u00f6nnen. Cookies werden von einer Website an Ihren Browser gesendet und auf der Festplatte Ihres Computers gespeichert.<\/p>\n<p>Wir verwenden \u201eCookies\u201c, um Informationen zu sammeln. Sie k\u00f6nnen Ihren Browser anweisen, alle Cookies abzulehnen oder anzuzeigen, wenn ein Cookie gesendet wird. Wenn Sie jedoch keine Cookies akzeptieren, k\u00f6nnen Sie m\u00f6glicherweise einige Teile unseres Dienstes nicht nutzen.<\/p>\n<h2>Dienstleister<\/h2>\n<p>Wir k\u00f6nnen Drittunternehmen und Einzelpersonen besch\u00e4ftigen, um unseren Service zu erleichtern, den Service in unserem Namen bereitzustellen, servicebezogene Dienstleistungen zu erbringen oder uns bei der Analyse der Nutzung unseres Service zu unterst\u00fctzen.<\/p>\n<p>Diese Dritten haben nur Zugriff auf Ihre personenbezogenen Daten, um diese Aufgaben in unserem Namen auszuf\u00fchren, und sind verpflichtet, sie nicht offenzulegen oder f\u00fcr andere Zwecke zu verwenden.<\/p>\n<h2>Sicherheit<\/h2>\n<p>Die Sicherheit Ihrer personenbezogenen Daten ist uns wichtig, aber denken Sie daran, dass keine \u00dcbertragungsmethode \u00fcber das Internet oder elektronische Speichermethode 100%-sicher ist. Obwohl wir uns bem\u00fchen, kommerziell akzeptable Mittel zum Schutz Ihrer personenbezogenen Daten einzusetzen, k\u00f6nnen wir deren absolute Sicherheit nicht garantieren.<\/p>\n<h2>Links zu anderen Websites<\/h2>\n<p>Unser Service kann Links zu anderen Websites enthalten, die nicht von uns betrieben werden. Wenn Sie auf einen Link eines Drittanbieters klicken, werden Sie auf die Website dieses Drittanbieters weitergeleitet. Wir empfehlen Ihnen dringend, die Datenschutzrichtlinie jeder von Ihnen besuchten Website zu lesen.<\/p>\n<p>Wir haben keine Kontrolle \u00fcber und \u00fcbernehmen keine Verantwortung f\u00fcr die Inhalte, Datenschutzrichtlinien oder Praktiken von Websites oder Diensten Dritter.<\/p>\n<h2>Datenschutz von Kindern<\/h2>\n<p>Unser Service richtet sich nicht an Personen unter 18 Jahren (\u201eKinder\u201c).<\/p>\n<p>Wir erfassen wissentlich keine personenbezogenen Daten von Kindern unter 18 Jahren. Wenn Sie ein Elternteil oder Erziehungsberechtigter sind und wissen, dass Ihr Kind uns personenbezogene Daten zur Verf\u00fcgung gestellt hat, kontaktieren Sie uns bitte. Wenn wir feststellen, dass uns ein Kind unter 18 Jahren personenbezogene Daten zur Verf\u00fcgung gestellt hat, werden wir diese Daten unverz\u00fcglich von unseren Servern l\u00f6schen.<\/p>\n<h2>\u00c4nderungen an dieser Datenschutzrichtlinie<\/h2>\n<p>Wir k\u00f6nnen unsere Datenschutzrichtlinie von Zeit zu Zeit aktualisieren. Wir werden Sie \u00fcber alle \u00c4nderungen informieren, indem wir die neue Datenschutzrichtlinie auf dieser Seite ver\u00f6ffentlichen.<\/p>\n<p>Es wird empfohlen, diese Datenschutzrichtlinie regelm\u00e4\u00dfig auf \u00c4nderungen zu \u00fcberpr\u00fcfen. \u00c4nderungen an dieser Datenschutzrichtlinie treten in Kraft, wenn sie auf dieser Seite ver\u00f6ffentlicht werden.<\/p>\n<h2>Kontaktiere uns<\/h2>\n<p>Wenn Sie Fragen zu dieser Datenschutzrichtlinie haben, kontaktieren Sie uns bitte.<\/p>","protected":false},"excerpt":{"rendered":"<p>Last updated: March 20, 2020 Mahogany Chocolate Ltd. (\u201cus\u201d, \u201cwe\u201d, or \u201cour\u201d) operates the Mahogany Chocolate website (the \u201cService\u201d). This page informs you of our policies regarding the collection, use and disclosure of Personal Information when you use our Service. We will not use or share your information with anyone except as described in this [&hellip;]<\/p>\n","protected":false},"author":3,"featured_media":0,"parent":0,"menu_order":0,"comment_status":"closed","ping_status":"closed","template":"","meta":{"_et_pb_use_builder":"","_et_pb_old_content":"","_et_gb_content_width":"","footnotes":""},"class_list":["post-39251","page","type-page","status-publish","hentry"],"_links":{"self":[{"href":"https:\/\/mahoganychocolate.com\/de\/wp-json\/wp\/v2\/pages\/39251","targetHints":{"allow":["GET"]}}],"collection":[{"href":"https:\/\/mahoganychocolate.com\/de\/wp-json\/wp\/v2\/pages"}],"about":[{"href":"https:\/\/mahoganychocolate.com\/de\/wp-json\/wp\/v2\/types\/page"}],"author":[{"embeddable":true,"href":"https:\/\/mahoganychocolate.com\/de\/wp-json\/wp\/v2\/users\/3"}],"replies":[{"embeddable":true,"href":"https:\/\/mahoganychocolate.com\/de\/wp-json\/wp\/v2\/comments?post=39251"}],"version-history":[{"count":1,"href":"https:\/\/mahoganychocolate.com\/de\/wp-json\/wp\/v2\/pages\/39251\/revisions"}],"predecessor-version":[{"id":39252,"href":"https:\/\/mahoganychocolate.com\/de\/wp-json\/wp\/v2\/pages\/39251\/revisions\/39252"}],"wp:attachment":[{"href":"https:\/\/mahoganychocolate.com\/de\/wp-json\/wp\/v2\/media?parent=39251"}],"curies":[{"name":"wp","href":"https:\/\/api.w.org\/{rel}","templated":true}]}}