{"id":39248,"date":"2020-03-20T14:15:13","date_gmt":"2020-03-20T18:15:13","guid":{"rendered":"http:\/\/striped-kin.flywheelstaging.com\/?page_id=39248"},"modified":"2020-03-20T14:15:44","modified_gmt":"2020-03-20T18:15:44","slug":"return-and-refund-policy","status":"publish","type":"page","link":"https:\/\/mahoganychocolate.com\/es\/politica-de-devolucion-y-reembolso\/","title":{"rendered":"Pol\u00edtica de devoluci\u00f3n y reembolso"},"content":{"rendered":"<p>\u00daltima actualizaci\u00f3n: 18 de marzo de 2020<\/p>\n<p>Gracias por comprar en Mahogany Chocolate operado por Mahogany Chocolate Ltd..<\/p>\n<p>Si, por alguna raz\u00f3n, no est\u00e1 completamente satisfecho con una compra, lo invitamos a revisar nuestra pol\u00edtica de reembolsos y devoluciones. Esta Pol\u00edtica de devoluci\u00f3n y reembolso ha sido creada con la ayuda de\u00a0<a href=\"https:\/\/www.termsfeed.com\/return-refund-policy-generator\/\" target=\"_blank\" rel=\"noopener\">Generador de pol\u00edticas de devoluci\u00f3n y reembolso<\/a>.<\/p>\n<p>Los siguientes t\u00e9rminos se aplican a cualquier producto que haya comprado con Nosotros.<\/p>\n<h1>Interpretaci\u00f3n y Definiciones<\/h1>\n<h2>Interpretaci\u00f3n<\/h2>\n<p>Las palabras cuya letra inicial est\u00e1 en may\u00fascula tienen significados definidos bajo las siguientes condiciones.<\/p>\n<p>Las siguientes definiciones tendr\u00e1n el mismo significado independientemente de que aparezcan en singular o en plural.<\/p>\n<h2>Definiciones<\/h2>\n<p>A los efectos de esta Pol\u00edtica de devoluciones y reembolsos:<\/p>\n<ul>\n<li><strong>T\u00fa<\/strong>\u00a0significa la persona que accede o utiliza el Servicio, o la empresa u otra entidad legal en nombre de la cual dicha persona accede o utiliza el Servicio, seg\u00fan corresponda.<\/li>\n<li><strong>Compa\u00f1\u00eda<\/strong>\u00a0(referido como &quot;la Compa\u00f1\u00eda&quot;, &quot;Nosotros&quot;, &quot;Nos&quot; o &quot;Nuestro&quot; en este Acuerdo) se refiere a Mahogany Chocolate Ltd., San Antonio Road, Punta Gorda, Toledo, Beliz.<\/li>\n<li><strong>Servicio<\/strong>\u00a0hace referencia al Sitio Web.<\/li>\n<li><strong>Sitio web<\/strong>\u00a0se refiere a Mahogany Chocolate, accesible desde https:\/\/mahoganychocolate.com<\/li>\n<li><strong>Bienes<\/strong>\u00a0referirse a los art\u00edculos ofrecidos a la venta en el Servicio.<\/li>\n<li><strong>Pedidos<\/strong>\u00a0significa una solicitud por su parte para comprarnos Bienes.<\/li>\n<\/ul>\n<h1>Sus derechos de cancelaci\u00f3n de pedidos<\/h1>\n<p>Tiene derecho a cancelar su pedido en un plazo de 14 d\u00edas sin dar ning\u00fan motivo para hacerlo.<\/p>\n<p>El plazo para cancelar un Pedido es de 14 d\u00edas desde la fecha en que Usted recibi\u00f3 la Mercanc\u00eda o en que un tercero por usted designado, que no sea el transportista, tome posesi\u00f3n del producto entregado.<\/p>\n<p>Para ejercer su derecho de cancelaci\u00f3n, debe informarnos su decisi\u00f3n mediante una declaraci\u00f3n clara. Puede informarnos de su decisi\u00f3n a trav\u00e9s de:<\/p>\n<ul>\n<li>Por correo electr\u00f3nico: info@mahoganychocolate.com<\/li>\n<\/ul>\n<p>Le reembolsaremos a m\u00e1s tardar 14 d\u00edas a partir del d\u00eda en que recibamos los Bienes devueltos. Usaremos el mismo medio de pago que us\u00f3 para el Pedido, y no incurrir\u00e1 en ninguna tarifa por dicho reembolso.<\/p>\n<h1>Condiciones para Devoluciones<\/h1>\n<p>Para que los Bienes sean elegibles para una devoluci\u00f3n, aseg\u00farese de que:<\/p>\n<ul>\n<li>Los Bienes fueron comprados en los \u00faltimos 14 d\u00edas<\/li>\n<li>Los productos est\u00e1n en el embalaje original.<\/li>\n<\/ul>\n<p>Los siguientes Bienes no pueden ser devueltos:<\/p>\n<ul>\n<li>El suministro de Bienes hechos seg\u00fan Sus especificaciones o claramente personalizados.<\/li>\n<li>El suministro de Bienes que por su naturaleza no sean aptos para ser devueltos, se deterioren r\u00e1pidamente o hayan superado la fecha de caducidad.<\/li>\n<li>El suministro de Bienes que no sean aptos para la devoluci\u00f3n por razones de protecci\u00f3n de la salud o higiene y hayan sido desprecintados despu\u00e9s de la entrega.<\/li>\n<li>El suministro de Bienes que, despu\u00e9s de la entrega, seg\u00fan su naturaleza, se mezclen inseparablemente con otros art\u00edculos.<\/li>\n<\/ul>\n<p>Nos reservamos el derecho de rechazar devoluciones de cualquier mercanc\u00eda que no cumpla con las condiciones de devoluci\u00f3n anteriores a nuestro exclusivo criterio.<\/p>\n<h1>Bienes devueltos<\/h1>\n<p>Usted es responsable del costo y el riesgo de devolvernos los Bienes. Deber\u00e1 enviar la Mercanc\u00eda a la siguiente direcci\u00f3n:<\/p>\n<p>Chocolate caoba<br \/>\nCamino de San Antonio<br \/>\nPunta Gorda, Toledo, Belice<\/p>\n<p>No podemos hacernos responsables de los bienes da\u00f1ados o perdidos en el env\u00edo de devoluci\u00f3n. Por lo tanto, recomendamos un servicio de correo asegurado y rastreable. No podemos emitir un reembolso sin la recepci\u00f3n real de los Bienes o prueba de la entrega de devoluci\u00f3n recibida.<\/p>\n<h1>Regalos<\/h1>\n<p>Si los Bienes se marcaron como regalo cuando se compraron y luego se le enviaron directamente, recibir\u00e1 un cr\u00e9dito de regalo por el valor de su devoluci\u00f3n. Una vez que se reciba el producto devuelto, se le enviar\u00e1 por correo un certificado de regalo.<\/p>\n<p>Si los Bienes no se marcaron como un regalo cuando se compraron, o si el obsequio envi\u00f3 el Pedido para entreg\u00e1rselo m\u00e1s tarde, le enviaremos el reembolso al obsequio.<\/p>\n<h2>Cont\u00e1ctenos<\/h2>\n<p>Si tiene alguna pregunta sobre nuestra Pol\u00edtica de Devoluciones y Reembolsos, cont\u00e1ctenos:<\/p>\n<ul>\n<li>Por correo electr\u00f3nico: info@mahoganychocolate.com<\/li>\n<\/ul>","protected":false},"excerpt":{"rendered":"<p>Last updated: March 18, 2020 Thank you for shopping at Mahogany Chocolate operated by Mahogany Chocolate Ltd.. If, for any reason, You are not completely satisfied with a purchase We invite You to review our policy on refunds and returns. This Return and Refund Policy has been created with the help of\u00a0Return and Refund Policy [&hellip;]<\/p>\n","protected":false},"author":3,"featured_media":0,"parent":0,"menu_order":0,"comment_status":"closed","ping_status":"closed","template":"","meta":{"_et_pb_use_builder":"","_et_pb_old_content":"","_et_gb_content_width":"","footnotes":""},"class_list":["post-39248","page","type-page","status-publish","hentry"],"_links":{"self":[{"href":"https:\/\/mahoganychocolate.com\/es\/wp-json\/wp\/v2\/pages\/39248","targetHints":{"allow":["GET"]}}],"collection":[{"href":"https:\/\/mahoganychocolate.com\/es\/wp-json\/wp\/v2\/pages"}],"about":[{"href":"https:\/\/mahoganychocolate.com\/es\/wp-json\/wp\/v2\/types\/page"}],"author":[{"embeddable":true,"href":"https:\/\/mahoganychocolate.com\/es\/wp-json\/wp\/v2\/users\/3"}],"replies":[{"embeddable":true,"href":"https:\/\/mahoganychocolate.com\/es\/wp-json\/wp\/v2\/comments?post=39248"}],"version-history":[{"count":2,"href":"https:\/\/mahoganychocolate.com\/es\/wp-json\/wp\/v2\/pages\/39248\/revisions"}],"predecessor-version":[{"id":39250,"href":"https:\/\/mahoganychocolate.com\/es\/wp-json\/wp\/v2\/pages\/39248\/revisions\/39250"}],"wp:attachment":[{"href":"https:\/\/mahoganychocolate.com\/es\/wp-json\/wp\/v2\/media?parent=39248"}],"curies":[{"name":"gracias","href":"https:\/\/api.w.org\/{rel}","templated":true}]}}