{"id":50514,"date":"2020-06-05T15:32:26","date_gmt":"2020-06-05T19:32:26","guid":{"rendered":"http:\/\/striped-kin.flywheelstaging.com\/?post_type=product&#038;p=50514"},"modified":"2022-02-05T13:04:53","modified_gmt":"2022-02-05T18:04:53","slug":"100-belizean-cacao-nibs","status":"publish","type":"product","link":"https:\/\/mahoganychocolate.com\/es\/producto\/100-nibs-de-cacao-beliceno\/","title":{"rendered":"100% Semillas de cacao belice\u00f1o"},"content":{"rendered":"<p>[et_pb_section fb_built=&#8221;1&#8243; _builder_version=&#8221;3.22&#8243; custom_padding=&#8221;50px||||false|false&#8221; global_colors_info=&#8221;{}&#8221;][et_pb_row _builder_version=&#8221;3.25&#8243; background_size=&#8221;initial&#8221; background_position=&#8221;top_left&#8221; background_repeat=&#8221;repeat&#8221; width=&#8221;100%&#8221; custom_padding=&#8221;0px||0px||false|false&#8221; global_colors_info=&#8221;{}&#8221;][et_pb_column type=&#8221;4_4&#8243; _builder_version=&#8221;3.25&#8243; custom_padding=&#8221;|||&#8221; global_colors_info=&#8221;{}&#8221; custom_padding__hover=&#8221;|||&#8221;][et_pb_wc_breadcrumb _builder_version=&#8221;3.0.47&#8243; global_colors_info=&#8221;{}&#8221;][\/et_pb_wc_breadcrumb][et_pb_wc_cart_notice global_colors_info=&#8221;{}&#8221;][\/et_pb_wc_cart_notice][\/et_pb_column][\/et_pb_row][et_pb_row column_structure=&#8221;1_2,1_2&#8243; _builder_version=&#8221;3.25&#8243; background_size=&#8221;initial&#8221; background_position=&#8221;top_left&#8221; background_repeat=&#8221;repeat&#8221; width=&#8221;100%&#8221; custom_padding=&#8221;0px||||false|false&#8221; global_colors_info=&#8221;{}&#8221;][et_pb_column type=&#8221;1_2&#8243; _builder_version=&#8221;3.25&#8243; custom_padding=&#8221;|||&#8221; global_colors_info=&#8221;{}&#8221; custom_padding__hover=&#8221;|||&#8221;][et_pb_wc_images _builder_version=&#8221;3.0.47&#8243; global_colors_info=&#8221;{}&#8221;][\/et_pb_wc_images][\/et_pb_column][et_pb_column type=&#8221;1_2&#8243; _builder_version=&#8221;3.25&#8243; custom_padding=&#8221;|||&#8221; global_colors_info=&#8221;{}&#8221; custom_padding__hover=&#8221;|||&#8221;][et_pb_wc_title _builder_version=&#8221;4.4.7&#8243; header_text_color=&#8221;#000000&#8243; global_colors_info=&#8221;{}&#8221;][\/et_pb_wc_title][et_pb_wc_rating _builder_version=&#8221;3.0.47&#8243; global_colors_info=&#8221;{}&#8221;][\/et_pb_wc_rating][et_pb_wc_price _builder_version=&#8221;4.4.7&#8243; body_font=&#8221;|600|||||||&#8221; body_text_color=&#8221;#e09900&#8243; global_colors_info=&#8221;{}&#8221;][\/et_pb_wc_price][et_pb_wc_description _builder_version=&#8221;4.4.7&#8243; body_text_color=&#8221;#000000&#8243; global_colors_info=&#8221;{}&#8221;][\/et_pb_wc_description][et_pb_wc_add_to_cart fields_background_color=&#8221;rgba(234,234,234,0.71)&#8221; fields_text_color=&#8221;#000000&#8243; custom_button=&#8221;on&#8221; button_text_color=&#8221;#ffffff&#8221; button_bg_color=&#8221;#e09900&#8243; global_colors_info=&#8221;{}&#8221;][\/et_pb_wc_add_to_cart][et_pb_wc_meta _builder_version=&#8221;4.4.7&#8243; body_font_size=&#8221;20px&#8221; link_text_color=&#8221;#e09900&#8243; global_colors_info=&#8221;{}&#8221;][\/et_pb_wc_meta][\/et_pb_column][\/et_pb_row][et_pb_row _builder_version=&#8221;3.25&#8243; background_size=&#8221;initial&#8221; background_position=&#8221;top_left&#8221; background_repeat=&#8221;repeat&#8221; width=&#8221;100%&#8221; global_colors_info=&#8221;{}&#8221;][et_pb_column type=&#8221;4_4&#8243; _builder_version=&#8221;3.25&#8243; custom_padding=&#8221;|||&#8221; global_colors_info=&#8221;{}&#8221; custom_padding__hover=&#8221;|||&#8221;][et_pb_wc_tabs _builder_version=&#8221;4.5.8&#8243; body_text_color=&#8221;#000000&#8243; background_color=&#8221;#ffffff&#8221; global_colors_info=&#8221;{}&#8221;]\t\t\t\t\t[\/et_pb_wc_tabs][et_pb_wc_upsells _builder_version=&#8221;3.0.47&#8243; global_colors_info=&#8221;{}&#8221;][\/et_pb_wc_upsells][et_pb_wc_related_products _builder_version=&#8221;4.4.7&#8243; title_text_color=&#8221;#000000&#8243; product_title_text_color=&#8221;#e09900&#8243; price_font_size=&#8221;20px&#8221; global_colors_info=&#8221;{}&#8221;][\/et_pb_wc_related_products][\/et_pb_column][\/et_pb_row][\/et_pb_section]<\/p>\n","protected":false},"excerpt":{"rendered":"<p><span style=\"color: #000000;\">Nuestro cacao en polvo virgen de Belice comienza con nuestros granos de cacao Trinitario premium de Belice 100% seleccionados a mano. Nuestros granos de cacao premium provienen de Peini Cacao, nuestra empresa hermana, donde se producen de manera sostenible y se procesan centralmente aqu\u00ed en el sur de Belice.<\/span><\/p>\n<p><span style=\"color: #000000;\">A partir de estos granos de cacao seleccionados a mano, tostados y aventados producimos nuestros Nibs de Cacao con Chocolate y Caoba y Licor de Cacao y Chocolate con Caoba.\u00a0<\/span><\/p>\n<p><span style=\"color: #000000;\">Para producir nuestro cacao virgen en polvo de Belice, se prensa licor de cacao con chocolate de caoba para extraer la manteca de cacao mediante un m\u00e9todo de prensado en fr\u00edo, separando la grasa pura del cacao de los s\u00f3lidos del cacao.<\/span><\/p>","protected":false},"featured_media":50517,"comment_status":"closed","ping_status":"closed","template":"","meta":{"_et_pb_use_builder":"on","_et_pb_old_content":"<span style=\"color: #000000\">Our virgin Belizean cacao powder first starts with our hand-selected 100% Belizean premium Trinitario cacao beans.\u00a0 Our premium cacao beans come from Peini Cacao, our sister company, where they are sustainably produced and centrally processed right here in Southern Belize.<\/span>\r\n\r\n<span style=\"color: #000000\">From these hand selected, roasted and winnowed cacao beans we produce our Mahogany Chocolate Cacao Nibs and Mahogany Chocolate Cacao Liquor.\u00a0<\/span>\r\n\r\n<span style=\"color: #000000\">To produce our virgin Belizean cacao powder, Mahogany Chocolate cacao liquor is pressed to extract cacao butter through a cold press method \u2013 separating pure cocoa fat from the cacao solids.<\/span>\r\n\r\n<span style=\"color: #000000\">The cacao solids are thereafter pulverized to make our rich Mahogany Chocolate Cacao Powder.<\/span>","_et_gb_content_width":""},"product_brand":[],"product_cat":[72],"product_tag":[],"class_list":{"0":"post-50514","1":"product","2":"type-product","3":"status-publish","4":"has-post-thumbnail","6":"product_cat-cacao-nibs","8":"first","9":"instock","10":"shipping-taxable","11":"purchasable","12":"product-type-simple"},"_links":{"self":[{"href":"https:\/\/mahoganychocolate.com\/es\/wp-json\/wp\/v2\/product\/50514","targetHints":{"allow":["GET"]}}],"collection":[{"href":"https:\/\/mahoganychocolate.com\/es\/wp-json\/wp\/v2\/product"}],"about":[{"href":"https:\/\/mahoganychocolate.com\/es\/wp-json\/wp\/v2\/types\/product"}],"replies":[{"embeddable":true,"href":"https:\/\/mahoganychocolate.com\/es\/wp-json\/wp\/v2\/comments?post=50514"}],"wp:featuredmedia":[{"embeddable":true,"href":"https:\/\/mahoganychocolate.com\/es\/wp-json\/wp\/v2\/media\/50517"}],"wp:attachment":[{"href":"https:\/\/mahoganychocolate.com\/es\/wp-json\/wp\/v2\/media?parent=50514"}],"wp:term":[{"taxonomy":"product_brand","embeddable":true,"href":"https:\/\/mahoganychocolate.com\/es\/wp-json\/wp\/v2\/product_brand?post=50514"},{"taxonomy":"product_cat","embeddable":true,"href":"https:\/\/mahoganychocolate.com\/es\/wp-json\/wp\/v2\/product_cat?post=50514"},{"taxonomy":"product_tag","embeddable":true,"href":"https:\/\/mahoganychocolate.com\/es\/wp-json\/wp\/v2\/product_tag?post=50514"}],"curies":[{"name":"gracias","href":"https:\/\/api.w.org\/{rel}","templated":true}]}}