{"id":39248,"date":"2020-03-20T14:15:13","date_gmt":"2020-03-20T18:15:13","guid":{"rendered":"http:\/\/striped-kin.flywheelstaging.com\/?page_id=39248"},"modified":"2020-03-20T14:15:44","modified_gmt":"2020-03-20T18:15:44","slug":"return-and-refund-policy","status":"publish","type":"page","link":"https:\/\/mahoganychocolate.com\/fr\/politique-de-retour-et-de-remboursement\/","title":{"rendered":"Politique de retour et de remboursement"},"content":{"rendered":"<p>Derni\u00e8re mise \u00e0 jour : 18 mars 2020<\/p>\n<p>Merci d&#039;avoir magasin\u00e9 chez Mahogany Chocolate exploit\u00e9 par Mahogany Chocolate Ltd..<\/p>\n<p>Si, pour une raison quelconque, vous n&#039;\u00eates pas enti\u00e8rement satisfait d&#039;un achat, nous vous invitons \u00e0 consulter notre politique de remboursement et de retour. Cette politique de retour et de remboursement a \u00e9t\u00e9 cr\u00e9\u00e9e avec l&#039;aide de\u00a0<a href=\"https:\/\/www.termsfeed.com\/return-refund-policy-generator\/\" target=\"_blank\" rel=\"noopener\">G\u00e9n\u00e9rateur de politique de retour et de remboursement<\/a>.<\/p>\n<p>Les conditions suivantes s&#039;appliquent \u00e0 tous les produits que vous avez achet\u00e9s avec nous.<\/p>\n<h1>Interpr\u00e9tation et d\u00e9finitions<\/h1>\n<h2>Interpr\u00e9tation<\/h2>\n<p>Les mots dont la lettre initiale est en majuscule ont des significations d\u00e9finies dans les conditions suivantes.<\/p>\n<p>Les d\u00e9finitions suivantes auront la m\u00eame signification qu&#039;elles apparaissent au singulier ou au pluriel.<\/p>\n<h2>D\u00e9finitions<\/h2>\n<p>Aux fins de la pr\u00e9sente politique de retour et de remboursement\u00a0:<\/p>\n<ul>\n<li><strong>Tu<\/strong>\u00a0d\u00e9signe la personne acc\u00e9dant ou utilisant le Service, ou la soci\u00e9t\u00e9 ou toute autre entit\u00e9 juridique au nom de laquelle cette personne acc\u00e8de ou utilise le Service, selon le cas.<\/li>\n<li><strong>Compagnie<\/strong>\u00a0(ci-apr\u00e8s d\u00e9nomm\u00e9e \u00ab\u00a0l&#039;entreprise\u00a0\u00bb, \u00ab\u00a0nous\u00a0\u00bb, \u00ab\u00a0notre\u00a0\u00bb ou \u00ab\u00a0notre\u00a0\u00bb dans le pr\u00e9sent accord) fait r\u00e9f\u00e9rence \u00e0 Mahogany Chocolate Ltd., San Antonio Road, Punta Gorda, Toledo, Belize.<\/li>\n<li><strong>Service<\/strong>\u00a0fait r\u00e9f\u00e9rence au Site Web.<\/li>\n<li><strong>Site Internet<\/strong>\u00a0fait r\u00e9f\u00e9rence \u00e0 Mahogany Chocolate, accessible depuis https:\/\/mahoganychocolate.com<\/li>\n<li><strong>Des biens<\/strong>\u00a0faire r\u00e9f\u00e9rence aux articles propos\u00e9s \u00e0 la vente sur le Service.<\/li>\n<li><strong>Ordres<\/strong>\u00a0d\u00e9signe une demande de votre part d&#039;acheter des marchandises chez nous.<\/li>\n<\/ul>\n<h1>Vos droits d&#039;annulation de commande<\/h1>\n<p>Vous avez le droit d&#039;annuler votre commande dans les 14 jours sans donner de raison.<\/p>\n<p>Le d\u00e9lai d&#039;annulation d&#039;une Commande est de 14 jours \u00e0 compter de la date \u00e0 laquelle Vous avez re\u00e7u la Marchandise ou \u00e0 laquelle un tiers que Vous avez mandat\u00e9, qui n&#039;est pas le transporteur, prend possession du produit livr\u00e9.<\/p>\n<p>Afin d&#039;exercer Votre droit de r\u00e9tractation, Vous devez Nous informer de votre d\u00e9cision au moyen d&#039;une d\u00e9claration claire. Vous pouvez nous informer de votre d\u00e9cision par :<\/p>\n<ul>\n<li>Par courriel : info@mahoganychocolate.com<\/li>\n<\/ul>\n<p>Nous Vous rembourserons au plus tard 14 jours \u00e0 compter du jour o\u00f9 Nous recevons les Marchandises retourn\u00e9es. Nous utiliserons le m\u00eame moyen de paiement que celui que Vous avez utilis\u00e9 pour la Commande, et Vous n&#039;encourrez aucun frais pour ce remboursement.<\/p>\n<h1>Conditions de retour<\/h1>\n<p>Pour que les Marchandises soient \u00e9ligibles \u00e0 un retour, veuillez vous assurer que\u00a0:<\/p>\n<ul>\n<li>Les Marchandises ont \u00e9t\u00e9 achet\u00e9es au cours des 14 derniers jours<\/li>\n<li>Les marchandises sont dans l&#039;emballage d&#039;origine<\/li>\n<\/ul>\n<p>Les Marchandises suivantes ne peuvent pas \u00eatre retourn\u00e9es\u00a0:<\/p>\n<ul>\n<li>La fourniture de Biens confectionn\u00e9s selon Vos sp\u00e9cifications ou nettement personnalis\u00e9s.<\/li>\n<li>La fourniture de Biens qui, selon leur nature, ne sont pas aptes \u00e0 \u00eatre retourn\u00e9s, se d\u00e9t\u00e9riorent rapidement ou dont la date de p\u00e9remption est d\u00e9pass\u00e9e.<\/li>\n<li>La fourniture de Marchandises qui ne peuvent pas \u00eatre retourn\u00e9es pour des raisons de protection de la sant\u00e9 ou d&#039;hygi\u00e8ne et qui ont \u00e9t\u00e9 descell\u00e9es apr\u00e8s la livraison.<\/li>\n<li>La fourniture de Biens qui sont, apr\u00e8s livraison, selon leur nature, m\u00e9lang\u00e9s de mani\u00e8re indissociable avec d&#039;autres articles.<\/li>\n<\/ul>\n<p>Nous nous r\u00e9servons le droit de refuser les retours de toute marchandise qui ne r\u00e9pond pas aux conditions de retour ci-dessus \u00e0 notre seule discr\u00e9tion.<\/p>\n<h1>Retour des marchandises<\/h1>\n<p>Vous \u00eates responsable du co\u00fbt et du risque de nous retourner les marchandises. Vous devez envoyer les Marchandises \u00e0 l&#039;adresse suivante\u00a0:<\/p>\n<p>Chocolat acajou<br \/>\nRoute de San Antonio<br \/>\nPunta Gorda, Tol\u00e8de, B\u00e9lize<\/p>\n<p>Nous ne pouvons \u00eatre tenus responsables des marchandises endommag\u00e9es ou perdues lors de l&#039;exp\u00e9dition de retour. Par cons\u00e9quent, nous recommandons un service de courrier assur\u00e9 et tra\u00e7able. Nous ne sommes pas en mesure d&#039;\u00e9mettre un remboursement sans r\u00e9ception effective des Marchandises ou preuve de livraison de retour re\u00e7ue.<\/p>\n<h1>Cadeaux<\/h1>\n<p>Si les Marchandises ont \u00e9t\u00e9 marqu\u00e9es comme un cadeau lors de l&#039;achat, puis vous ont \u00e9t\u00e9 exp\u00e9di\u00e9es directement, vous recevrez un cr\u00e9dit-cadeau correspondant \u00e0 la valeur de votre retour. Une fois le produit retourn\u00e9 re\u00e7u, un ch\u00e8que-cadeau vous sera envoy\u00e9 par la poste.<\/p>\n<p>Si les marchandises n&#039;ont pas \u00e9t\u00e9 marqu\u00e9es comme un cadeau lors de l&#039;achat, ou si le donateur s&#039;est fait exp\u00e9dier la commande pour vous la donner plus tard, nous enverrons le remboursement au donateur.<\/p>\n<h2>Nous contacter<\/h2>\n<p>Si vous avez des questions sur notre politique de retour et de remboursement, veuillez nous contacter :<\/p>\n<ul>\n<li>Par courriel : info@mahoganychocolate.com<\/li>\n<\/ul>","protected":false},"excerpt":{"rendered":"<p>Last updated: March 18, 2020 Thank you for shopping at Mahogany Chocolate operated by Mahogany Chocolate Ltd.. If, for any reason, You are not completely satisfied with a purchase We invite You to review our policy on refunds and returns. This Return and Refund Policy has been created with the help of\u00a0Return and Refund Policy [&hellip;]<\/p>\n","protected":false},"author":3,"featured_media":0,"parent":0,"menu_order":0,"comment_status":"closed","ping_status":"closed","template":"","meta":{"_et_pb_use_builder":"","_et_pb_old_content":"","_et_gb_content_width":"","footnotes":""},"class_list":["post-39248","page","type-page","status-publish","hentry"],"_links":{"self":[{"href":"https:\/\/mahoganychocolate.com\/fr\/wp-json\/wp\/v2\/pages\/39248","targetHints":{"allow":["GET"]}}],"collection":[{"href":"https:\/\/mahoganychocolate.com\/fr\/wp-json\/wp\/v2\/pages"}],"about":[{"href":"https:\/\/mahoganychocolate.com\/fr\/wp-json\/wp\/v2\/types\/page"}],"author":[{"embeddable":true,"href":"https:\/\/mahoganychocolate.com\/fr\/wp-json\/wp\/v2\/users\/3"}],"replies":[{"embeddable":true,"href":"https:\/\/mahoganychocolate.com\/fr\/wp-json\/wp\/v2\/comments?post=39248"}],"version-history":[{"count":2,"href":"https:\/\/mahoganychocolate.com\/fr\/wp-json\/wp\/v2\/pages\/39248\/revisions"}],"predecessor-version":[{"id":39250,"href":"https:\/\/mahoganychocolate.com\/fr\/wp-json\/wp\/v2\/pages\/39248\/revisions\/39250"}],"wp:attachment":[{"href":"https:\/\/mahoganychocolate.com\/fr\/wp-json\/wp\/v2\/media?parent=39248"}],"curies":[{"name":"wp","href":"https:\/\/api.w.org\/{rel}","templated":true}]}}