{"id":50465,"date":"2020-06-01T15:12:40","date_gmt":"2020-06-01T19:12:40","guid":{"rendered":"http:\/\/striped-kin.flywheelstaging.com\/?post_type=product&#038;p=50465"},"modified":"2021-10-02T10:36:40","modified_gmt":"2021-10-02T14:36:40","slug":"57-cacao-dark-milk-chocolate-bar","status":"publish","type":"product","link":"https:\/\/mahoganychocolate.com\/fr\/produit\/barre-de-chocolat-au-lait-noir-57-cacao\/","title":{"rendered":"57% Tablette de chocolat au lait noir cacao"},"content":{"rendered":"<p>[et_pb_section fb_built=&#8221;1&#8243; _builder_version=&#8221;3.22&#8243; custom_padding=&#8221;50px||||false|false&#8221;][et_pb_row _builder_version=&#8221;3.25&#8243; background_size=&#8221;initial&#8221; background_position=&#8221;top_left&#8221; background_repeat=&#8221;repeat&#8221; width=&#8221;100%&#8221; custom_padding=&#8221;0px||0px||false|false&#8221;][et_pb_column type=&#8221;4_4&#8243; _builder_version=&#8221;3.25&#8243; custom_padding=&#8221;|||&#8221; custom_padding__hover=&#8221;|||&#8221;][et_pb_wc_breadcrumb _builder_version=&#8221;3.0.47&#8243;][\/et_pb_wc_breadcrumb][et_pb_wc_cart_notice _builder_version=&#8221;3.0.47&#8243;][\/et_pb_wc_cart_notice][\/et_pb_column][\/et_pb_row][et_pb_row column_structure=&#8221;1_2,1_2&#8243; _builder_version=&#8221;3.25&#8243; background_size=&#8221;initial&#8221; background_position=&#8221;top_left&#8221; background_repeat=&#8221;repeat&#8221; width=&#8221;100%&#8221; custom_padding=&#8221;0px||||false|false&#8221;][et_pb_column type=&#8221;1_2&#8243; _builder_version=&#8221;3.25&#8243; custom_padding=&#8221;|||&#8221; custom_padding__hover=&#8221;|||&#8221;][et_pb_wc_images _builder_version=&#8221;3.0.47&#8243;][\/et_pb_wc_images][\/et_pb_column][et_pb_column type=&#8221;1_2&#8243; _builder_version=&#8221;3.25&#8243; custom_padding=&#8221;|||&#8221; custom_padding__hover=&#8221;|||&#8221;][et_pb_wc_title _builder_version=&#8221;4.4.7&#8243; header_text_color=&#8221;#000000&#8243;][\/et_pb_wc_title][et_pb_wc_rating _builder_version=&#8221;3.0.47&#8243;][\/et_pb_wc_rating][et_pb_wc_price _builder_version=&#8221;4.4.7&#8243; body_font=&#8221;|600|||||||&#8221; body_text_color=&#8221;#e09900&#8243;][\/et_pb_wc_price][et_pb_wc_description _builder_version=&#8221;4.4.7&#8243; body_text_color=&#8221;#000000&#8243;][\/et_pb_wc_description][et_pb_wc_add_to_cart _builder_version=&#8221;4.4.7&#8243; fields_background_color=&#8221;rgba(234,234,234,0.71)&#8221; fields_text_color=&#8221;#000000&#8243; custom_button=&#8221;on&#8221; button_text_color=&#8221;#ffffff&#8221; button_bg_color=&#8221;#e09900&#8243;][\/et_pb_wc_add_to_cart][et_pb_wc_meta _builder_version=&#8221;4.4.7&#8243; body_font_size=&#8221;20px&#8221; link_text_color=&#8221;#e09900&#8243;][\/et_pb_wc_meta][\/et_pb_column][\/et_pb_row][et_pb_row _builder_version=&#8221;3.25&#8243; background_size=&#8221;initial&#8221; background_position=&#8221;top_left&#8221; background_repeat=&#8221;repeat&#8221; width=&#8221;100%&#8221;][et_pb_column type=&#8221;4_4&#8243; _builder_version=&#8221;3.25&#8243; custom_padding=&#8221;|||&#8221; custom_padding__hover=&#8221;|||&#8221;][et_pb_wc_tabs _builder_version=&#8221;4.4.7&#8243; body_text_color=&#8221;#000000&#8243;]\t\t\t\t\t[\/et_pb_wc_tabs][et_pb_wc_upsells _builder_version=&#8221;3.0.47&#8243;][\/et_pb_wc_upsells][et_pb_wc_related_products _builder_version=&#8221;4.4.7&#8243; title_text_color=&#8221;#000000&#8243; product_title_text_color=&#8221;#e09900&#8243; price_font_size=&#8221;20px&#8221;][\/et_pb_wc_related_products][\/et_pb_column][\/et_pb_row][\/et_pb_section]<\/p>\n","protected":false},"excerpt":{"rendered":"<p>Mahogany Chocolate propose une gamme de produits chocolat\u00e9s b\u00e9liziens 100% uniques et d&#039;une qualit\u00e9 exceptionnelle. La saveur est une v\u00e9ritable repr\u00e9sentation de l&#039;h\u00e9ritage traditionnel et authentique du cacao maya local cultiv\u00e9 dans la r\u00e9gion du Belize depuis des milliers d&#039;ann\u00e9es.<\/p>\n<ul>\n<li>Un go\u00fbt doux et \u00e9quilibr\u00e9 pour tout amateur de chocolat<\/li>\n<li>Contient 1 bo\u00eete de 14 \u00e0 80 grammes de barres de chocolat b\u00e9liziennes<\/li>\n<li>Parfait pour vous-m\u00eame ou pour offrir en cadeau.<\/li>\n<\/ul>\n<p>SAVEUR AUTHENTIQUE \u2013 Les barres de chocolat au chocolat \u00e0 l&#039;acajou sont fabriqu\u00e9es dans le sud du Belize \u00e0 partir de cacao et d&#039;ingr\u00e9dients b\u00e9liziens 100%. Nous sommes enti\u00e8rement int\u00e9gr\u00e9s verticalement, de la graine au grain en passant par la barre. Nous cultivons, cultivons, r\u00e9coltons, fermentons, s\u00e9chons, trions et transformons \u00e0 la main tout notre propre cacao ici m\u00eame au Belize et le transformons en le meilleur chocolat que vous ayez jamais go\u00fbt\u00e9.<\/p>\n<p>DURABILIT\u00c9 SOCIALE \u2013 Mahogany Chocolate et notre soci\u00e9t\u00e9 s\u0153ur Peini Cacao soutiennent plus de 150 producteurs de cacao locaux. Notre programme de durabilit\u00e9 sociale comble le foss\u00e9 pour les agriculteurs de subsistance, leur permettant de subvenir aux besoins de leurs familles d\u00e8s maintenant et d&#039;agrandir leurs plantations de cacao pour un avenir meilleur. Chaque achat chez Mahogany Chocolate soutient les producteurs de cacao Maya du sud du Belize.<\/p>\n<p>CACAO HISTORIQUE \u2013 Depuis des milliers d&#039;ann\u00e9es, les Mayas de la r\u00e9gion du Belize produisent un cacao noble de classe mondiale. Le Belize est le berceau des nobles vari\u00e9t\u00e9s de cacao Criollo et Trinitario. Aujourd&#039;hui, le Belize poss\u00e8de l&#039;un des meilleurs cacaos au monde et vous pouvez go\u00fbter la diff\u00e9rence dans notre chocolat.<\/p>","protected":false},"featured_media":51473,"comment_status":"closed","ping_status":"closed","template":"","meta":{"_et_pb_use_builder":"on","_et_pb_old_content":"Mahogany Chocolate offers a line of unique and exceptionally high-quality 100% Belizean chocolate products.\u00a0 The flavor is a true representation of the traditional and authentic heritage of the local Maya Cacao that has been cultivated in the Belize region for thousands of years.\r\n<ul>\r\n \t<li>A smooth and balanced taste for every chocolate lover<\/li>\r\n \t<li>Contains 1 box of 14 \u2013 80 gram Belizean chocolate Bars<\/li>\r\n \t<li>Perfect for yourself or gift-giving.<\/li>\r\n<\/ul>\r\n&nbsp;\r\n\r\nAUTHENTIC FLAVOR \u2013 Mahogany Chocolate Chocolate Bars are made in Southern Belize using 100% Belizean Cacao and ingredients.\u00a0 We are fully vertically integrated from seed-to-bean-to-bar. We grow, cultivate, harvest, ferment, dry, hand sort and process all of our own cacao right here in Belize and turn it into the finest chocolate you will ever taste.\r\n\r\nSOCIAL SUSTAINABILITY \u2013 Mahogany Chocolate and our sister company Peini Cacao support over 150 local cacao growers. Our social sustainability program bridges the gap for subsistence farmers enabling them to provide for their families now and to expand their cacao farms for a brighter future. Every purchase from Mahogany Chocolate supports Maya cacao growers in Southern Belize.\r\n\r\nHISTORIC CACAO \u2013 For thousands of years the Mayans in the Belize region have produced world-class noble cacao. Belize is the birthplace of the noble cacao varieties Criollo and Trinitario.\u00a0 Today, Belize has some of the best cacao in the world and you can taste the difference in our chocolate.","_et_gb_content_width":""},"product_brand":[],"product_cat":[68],"product_tag":[],"class_list":{"0":"post-50465","1":"product","2":"type-product","3":"status-publish","4":"has-post-thumbnail","6":"product_cat-chocolate-bars","8":"first","9":"instock","10":"shipping-taxable","11":"purchasable","12":"product-type-simple"},"_links":{"self":[{"href":"https:\/\/mahoganychocolate.com\/fr\/wp-json\/wp\/v2\/product\/50465","targetHints":{"allow":["GET"]}}],"collection":[{"href":"https:\/\/mahoganychocolate.com\/fr\/wp-json\/wp\/v2\/product"}],"about":[{"href":"https:\/\/mahoganychocolate.com\/fr\/wp-json\/wp\/v2\/types\/product"}],"replies":[{"embeddable":true,"href":"https:\/\/mahoganychocolate.com\/fr\/wp-json\/wp\/v2\/comments?post=50465"}],"wp:featuredmedia":[{"embeddable":true,"href":"https:\/\/mahoganychocolate.com\/fr\/wp-json\/wp\/v2\/media\/51473"}],"wp:attachment":[{"href":"https:\/\/mahoganychocolate.com\/fr\/wp-json\/wp\/v2\/media?parent=50465"}],"wp:term":[{"taxonomy":"product_brand","embeddable":true,"href":"https:\/\/mahoganychocolate.com\/fr\/wp-json\/wp\/v2\/product_brand?post=50465"},{"taxonomy":"product_cat","embeddable":true,"href":"https:\/\/mahoganychocolate.com\/fr\/wp-json\/wp\/v2\/product_cat?post=50465"},{"taxonomy":"product_tag","embeddable":true,"href":"https:\/\/mahoganychocolate.com\/fr\/wp-json\/wp\/v2\/product_tag?post=50465"}],"curies":[{"name":"wp","href":"https:\/\/api.w.org\/{rel}","templated":true}]}}